{"id":9553,"date":"2022-03-25T13:53:46","date_gmt":"2022-03-25T10:53:46","guid":{"rendered":"https:\/\/euplate.com\/?post_type=product&#038;p=9553"},"modified":"2023-05-08T10:24:57","modified_gmt":"2023-05-08T07:24:57","slug":"20-x-30-cm-dekoratif-metal-plaka-osmanli-sigarasi-camel-turk","status":"publish","type":"product","link":"https:\/\/euplate.com.tr\/index.php\/urun\/20-x-30-cm-dekoratif-metal-plaka-osmanli-sigarasi-camel-turk\/","title":{"rendered":"20 x 30 cm. Dekoratif Metal Plaka Osmanl\u0131 Sigaras\u0131 Camel T\u00fcrk"},"content":{"rendered":"","protected":false},"excerpt":{"rendered":"","protected":false},"featured_media":9380,"template":"","meta":{"_joinchat":[]},"product_brand":[],"product_cat":[107],"product_tag":[],"class_list":{"0":"post-9553","1":"product","2":"type-product","3":"status-publish","4":"has-post-thumbnail","6":"product_cat-osmanli","8":"first","9":"instock","10":"sale","11":"shipping-taxable","12":"purchasable","13":"product-type-simple"},"_links":{"self":[{"href":"https:\/\/euplate.com.tr\/index.php\/wp-json\/wp\/v2\/product\/9553","targetHints":{"allow":["GET"]}}],"collection":[{"href":"https:\/\/euplate.com.tr\/index.php\/wp-json\/wp\/v2\/product"}],"about":[{"href":"https:\/\/euplate.com.tr\/index.php\/wp-json\/wp\/v2\/types\/product"}],"version-history":[{"count":1,"href":"https:\/\/euplate.com.tr\/index.php\/wp-json\/wp\/v2\/product\/9553\/revisions"}],"predecessor-version":[{"id":9554,"href":"https:\/\/euplate.com.tr\/index.php\/wp-json\/wp\/v2\/product\/9553\/revisions\/9554"}],"wp:featuredmedia":[{"embeddable":true,"href":"https:\/\/euplate.com.tr\/index.php\/wp-json\/wp\/v2\/media\/9380"}],"wp:attachment":[{"href":"https:\/\/euplate.com.tr\/index.php\/wp-json\/wp\/v2\/media?parent=9553"}],"wp:term":[{"taxonomy":"product_brand","embeddable":true,"href":"https:\/\/euplate.com.tr\/index.php\/wp-json\/wp\/v2\/product_brand?post=9553"},{"taxonomy":"product_cat","embeddable":true,"href":"https:\/\/euplate.com.tr\/index.php\/wp-json\/wp\/v2\/product_cat?post=9553"},{"taxonomy":"product_tag","embeddable":true,"href":"https:\/\/euplate.com.tr\/index.php\/wp-json\/wp\/v2\/product_tag?post=9553"}],"curies":[{"name":"wp","href":"https:\/\/api.w.org\/{rel}","templated":true}]}}