{"id":9296,"date":"2022-03-21T17:27:36","date_gmt":"2022-03-21T14:27:36","guid":{"rendered":"https:\/\/euplate.com\/?post_type=product&#038;p=9296"},"modified":"2023-05-08T10:24:58","modified_gmt":"2023-05-08T07:24:58","slug":"zugurt-aga-sener-sen","status":"publish","type":"product","link":"https:\/\/euplate.com.tr\/index.php\/urun\/zugurt-aga-sener-sen\/","title":{"rendered":"Z\u00fc\u011f\u00fcrt A\u011fa &#8211; \u015eener \u015een"},"content":{"rendered":"","protected":false},"excerpt":{"rendered":"","protected":false},"featured_media":9297,"template":"","meta":{"_joinchat":[]},"product_brand":[],"product_cat":[113],"product_tag":[],"class_list":{"0":"post-9296","1":"product","2":"type-product","3":"status-publish","4":"has-post-thumbnail","6":"product_cat-yesilcam-film-afisleri-yildizlari","8":"first","9":"instock","10":"sale","11":"shipping-taxable","12":"purchasable","13":"product-type-simple"},"_links":{"self":[{"href":"https:\/\/euplate.com.tr\/index.php\/wp-json\/wp\/v2\/product\/9296","targetHints":{"allow":["GET"]}}],"collection":[{"href":"https:\/\/euplate.com.tr\/index.php\/wp-json\/wp\/v2\/product"}],"about":[{"href":"https:\/\/euplate.com.tr\/index.php\/wp-json\/wp\/v2\/types\/product"}],"version-history":[{"count":1,"href":"https:\/\/euplate.com.tr\/index.php\/wp-json\/wp\/v2\/product\/9296\/revisions"}],"predecessor-version":[{"id":9298,"href":"https:\/\/euplate.com.tr\/index.php\/wp-json\/wp\/v2\/product\/9296\/revisions\/9298"}],"wp:featuredmedia":[{"embeddable":true,"href":"https:\/\/euplate.com.tr\/index.php\/wp-json\/wp\/v2\/media\/9297"}],"wp:attachment":[{"href":"https:\/\/euplate.com.tr\/index.php\/wp-json\/wp\/v2\/media?parent=9296"}],"wp:term":[{"taxonomy":"product_brand","embeddable":true,"href":"https:\/\/euplate.com.tr\/index.php\/wp-json\/wp\/v2\/product_brand?post=9296"},{"taxonomy":"product_cat","embeddable":true,"href":"https:\/\/euplate.com.tr\/index.php\/wp-json\/wp\/v2\/product_cat?post=9296"},{"taxonomy":"product_tag","embeddable":true,"href":"https:\/\/euplate.com.tr\/index.php\/wp-json\/wp\/v2\/product_tag?post=9296"}],"curies":[{"name":"wp","href":"https:\/\/api.w.org\/{rel}","templated":true}]}}