{"id":9277,"date":"2022-03-21T17:08:36","date_gmt":"2022-03-21T14:08:36","guid":{"rendered":"https:\/\/euplate.com\/?post_type=product&#038;p=9277"},"modified":"2023-05-08T10:24:58","modified_gmt":"2023-05-08T07:24:58","slug":"20-x-30-cm-dekoratif-eskitme-metal-plaka-selvi-boylum-al-yazmalim-kadir-inanir-turkan-soray","status":"publish","type":"product","link":"https:\/\/euplate.com.tr\/index.php\/urun\/20-x-30-cm-dekoratif-eskitme-metal-plaka-selvi-boylum-al-yazmalim-kadir-inanir-turkan-soray\/","title":{"rendered":"20 x 30 cm dekoratif eskitme metal plaka Selvi Boylum Al Yazmal\u0131m \/ kadir \u0130nan\u0131r T\u00fcrkan \u015eoray"},"content":{"rendered":"","protected":false},"excerpt":{"rendered":"","protected":false},"featured_media":9278,"template":"","meta":{"_joinchat":[]},"product_brand":[],"product_cat":[113],"product_tag":[],"class_list":{"0":"post-9277","1":"product","2":"type-product","3":"status-publish","4":"has-post-thumbnail","6":"product_cat-yesilcam-film-afisleri-yildizlari","8":"first","9":"instock","10":"sale","11":"shipping-taxable","12":"purchasable","13":"product-type-simple"},"_links":{"self":[{"href":"https:\/\/euplate.com.tr\/index.php\/wp-json\/wp\/v2\/product\/9277","targetHints":{"allow":["GET"]}}],"collection":[{"href":"https:\/\/euplate.com.tr\/index.php\/wp-json\/wp\/v2\/product"}],"about":[{"href":"https:\/\/euplate.com.tr\/index.php\/wp-json\/wp\/v2\/types\/product"}],"version-history":[{"count":1,"href":"https:\/\/euplate.com.tr\/index.php\/wp-json\/wp\/v2\/product\/9277\/revisions"}],"predecessor-version":[{"id":9279,"href":"https:\/\/euplate.com.tr\/index.php\/wp-json\/wp\/v2\/product\/9277\/revisions\/9279"}],"wp:featuredmedia":[{"embeddable":true,"href":"https:\/\/euplate.com.tr\/index.php\/wp-json\/wp\/v2\/media\/9278"}],"wp:attachment":[{"href":"https:\/\/euplate.com.tr\/index.php\/wp-json\/wp\/v2\/media?parent=9277"}],"wp:term":[{"taxonomy":"product_brand","embeddable":true,"href":"https:\/\/euplate.com.tr\/index.php\/wp-json\/wp\/v2\/product_brand?post=9277"},{"taxonomy":"product_cat","embeddable":true,"href":"https:\/\/euplate.com.tr\/index.php\/wp-json\/wp\/v2\/product_cat?post=9277"},{"taxonomy":"product_tag","embeddable":true,"href":"https:\/\/euplate.com.tr\/index.php\/wp-json\/wp\/v2\/product_tag?post=9277"}],"curies":[{"name":"wp","href":"https:\/\/api.w.org\/{rel}","templated":true}]}}