{"id":9024,"date":"2022-03-21T12:28:09","date_gmt":"2022-03-21T09:28:09","guid":{"rendered":"https:\/\/euplate.com\/?post_type=product&#038;p=9024"},"modified":"2023-05-08T10:25:01","modified_gmt":"2023-05-08T07:25:01","slug":"yesilcam-yildizlari-tarik-akan","status":"publish","type":"product","link":"https:\/\/euplate.com.tr\/index.php\/urun\/yesilcam-yildizlari-tarik-akan\/","title":{"rendered":"Ye\u015fil\u00e7am Y\u0131ld\u0131zlar\u0131 &#8211; Tar\u0131k Akan"},"content":{"rendered":"","protected":false},"excerpt":{"rendered":"","protected":false},"featured_media":9025,"template":"","meta":{"_joinchat":[]},"product_brand":[],"product_cat":[113],"product_tag":[],"class_list":{"0":"post-9024","1":"product","2":"type-product","3":"status-publish","4":"has-post-thumbnail","6":"product_cat-yesilcam-film-afisleri-yildizlari","8":"first","9":"instock","10":"sale","11":"shipping-taxable","12":"purchasable","13":"product-type-simple"},"_links":{"self":[{"href":"https:\/\/euplate.com.tr\/index.php\/wp-json\/wp\/v2\/product\/9024","targetHints":{"allow":["GET"]}}],"collection":[{"href":"https:\/\/euplate.com.tr\/index.php\/wp-json\/wp\/v2\/product"}],"about":[{"href":"https:\/\/euplate.com.tr\/index.php\/wp-json\/wp\/v2\/types\/product"}],"version-history":[{"count":1,"href":"https:\/\/euplate.com.tr\/index.php\/wp-json\/wp\/v2\/product\/9024\/revisions"}],"predecessor-version":[{"id":9026,"href":"https:\/\/euplate.com.tr\/index.php\/wp-json\/wp\/v2\/product\/9024\/revisions\/9026"}],"wp:featuredmedia":[{"embeddable":true,"href":"https:\/\/euplate.com.tr\/index.php\/wp-json\/wp\/v2\/media\/9025"}],"wp:attachment":[{"href":"https:\/\/euplate.com.tr\/index.php\/wp-json\/wp\/v2\/media?parent=9024"}],"wp:term":[{"taxonomy":"product_brand","embeddable":true,"href":"https:\/\/euplate.com.tr\/index.php\/wp-json\/wp\/v2\/product_brand?post=9024"},{"taxonomy":"product_cat","embeddable":true,"href":"https:\/\/euplate.com.tr\/index.php\/wp-json\/wp\/v2\/product_cat?post=9024"},{"taxonomy":"product_tag","embeddable":true,"href":"https:\/\/euplate.com.tr\/index.php\/wp-json\/wp\/v2\/product_tag?post=9024"}],"curies":[{"name":"wp","href":"https:\/\/api.w.org\/{rel}","templated":true}]}}