{"id":11360,"date":"2022-06-08T14:51:42","date_gmt":"2022-06-08T11:51:42","guid":{"rendered":"https:\/\/euplate.com\/?post_type=product&#038;p=11360"},"modified":"2023-05-08T10:24:33","modified_gmt":"2023-05-08T07:24:33","slug":"20x30-cm-metal-plaka-18","status":"publish","type":"product","link":"https:\/\/euplate.com.tr\/index.php\/urun\/20x30-cm-metal-plaka-18\/","title":{"rendered":"20&#215;30 cm Metal Plaka"},"content":{"rendered":"","protected":false},"excerpt":{"rendered":"<ul>\n<li>20 x 30 cm<\/li>\n<li>0.70 Al\u00fcminyum metal<\/li>\n<li>\u00c7ok renkli \u00f6zel tasar\u0131m ve UV bask\u0131<\/li>\n<li>\u0130\u00e7 ve D\u0131\u015f hava ko\u015fullar\u0131na dayan\u0131kl\u0131<\/li>\n<li>\u00d6zel Ambalaj<\/li>\n<li>\u0130ster evinizde ister ofisinizde ister arac\u0131n\u0131zda dekoratif ama\u00e7l\u0131 kullan\u0131l\u0131r<\/li>\n<\/ul>\n","protected":false},"featured_media":11244,"template":"","meta":{"_joinchat":[]},"product_brand":[],"product_cat":[97,96,130],"product_tag":[],"class_list":{"0":"post-11360","1":"product","2":"type-product","3":"status-publish","4":"has-post-thumbnail","6":"product_cat-cafe-bar-restaurant","7":"product_cat-retro-vintage","8":"product_cat-sanatsal-gorseller","10":"first","11":"instock","12":"sale","13":"shipping-taxable","14":"purchasable","15":"product-type-simple"},"_links":{"self":[{"href":"https:\/\/euplate.com.tr\/index.php\/wp-json\/wp\/v2\/product\/11360","targetHints":{"allow":["GET"]}}],"collection":[{"href":"https:\/\/euplate.com.tr\/index.php\/wp-json\/wp\/v2\/product"}],"about":[{"href":"https:\/\/euplate.com.tr\/index.php\/wp-json\/wp\/v2\/types\/product"}],"version-history":[{"count":1,"href":"https:\/\/euplate.com.tr\/index.php\/wp-json\/wp\/v2\/product\/11360\/revisions"}],"predecessor-version":[{"id":11361,"href":"https:\/\/euplate.com.tr\/index.php\/wp-json\/wp\/v2\/product\/11360\/revisions\/11361"}],"wp:featuredmedia":[{"embeddable":true,"href":"https:\/\/euplate.com.tr\/index.php\/wp-json\/wp\/v2\/media\/11244"}],"wp:attachment":[{"href":"https:\/\/euplate.com.tr\/index.php\/wp-json\/wp\/v2\/media?parent=11360"}],"wp:term":[{"taxonomy":"product_brand","embeddable":true,"href":"https:\/\/euplate.com.tr\/index.php\/wp-json\/wp\/v2\/product_brand?post=11360"},{"taxonomy":"product_cat","embeddable":true,"href":"https:\/\/euplate.com.tr\/index.php\/wp-json\/wp\/v2\/product_cat?post=11360"},{"taxonomy":"product_tag","embeddable":true,"href":"https:\/\/euplate.com.tr\/index.php\/wp-json\/wp\/v2\/product_tag?post=11360"}],"curies":[{"name":"wp","href":"https:\/\/api.w.org\/{rel}","templated":true}]}}