{"id":11294,"date":"2022-06-08T13:20:34","date_gmt":"2022-06-08T10:20:34","guid":{"rendered":"https:\/\/euplate.com\/?post_type=product&#038;p=11294"},"modified":"2023-05-08T10:24:35","modified_gmt":"2023-05-08T07:24:35","slug":"20-x-30-cm-dekoratif-aluminyum-metal-plaka-2","status":"publish","type":"product","link":"https:\/\/euplate.com.tr\/index.php\/urun\/20-x-30-cm-dekoratif-aluminyum-metal-plaka-2\/","title":{"rendered":"20 x 30 cm.. Dekoratif Al\u00fcminyum Metal Plaka"},"content":{"rendered":"","protected":false},"excerpt":{"rendered":"<ul>\n<li>20 x 30 cm<\/li>\n<li>0.70 Al\u00fcminyum metal<\/li>\n<li>\u00c7ok renkli \u00f6zel tasar\u0131m ve UV bask\u0131<\/li>\n<li>\u0130\u00e7 ve D\u0131\u015f hava ko\u015fullar\u0131na dayan\u0131kl\u0131<\/li>\n<li>\u00d6zel Ambalaj<\/li>\n<li>\u0130ster evinizde ister ofisinizde ister arac\u0131n\u0131zda dekoratif ama\u00e7l\u0131 kullan\u0131l\u0131r<\/li>\n<\/ul>\n","protected":false},"featured_media":11277,"template":"","meta":{"_joinchat":[]},"product_brand":[],"product_cat":[111],"product_tag":[],"class_list":{"0":"post-11294","1":"product","2":"type-product","3":"status-publish","4":"has-post-thumbnail","6":"product_cat-sinema-kahrmanlari","8":"first","9":"instock","10":"sale","11":"shipping-taxable","12":"purchasable","13":"product-type-simple"},"_links":{"self":[{"href":"https:\/\/euplate.com.tr\/index.php\/wp-json\/wp\/v2\/product\/11294","targetHints":{"allow":["GET"]}}],"collection":[{"href":"https:\/\/euplate.com.tr\/index.php\/wp-json\/wp\/v2\/product"}],"about":[{"href":"https:\/\/euplate.com.tr\/index.php\/wp-json\/wp\/v2\/types\/product"}],"version-history":[{"count":1,"href":"https:\/\/euplate.com.tr\/index.php\/wp-json\/wp\/v2\/product\/11294\/revisions"}],"predecessor-version":[{"id":11295,"href":"https:\/\/euplate.com.tr\/index.php\/wp-json\/wp\/v2\/product\/11294\/revisions\/11295"}],"wp:featuredmedia":[{"embeddable":true,"href":"https:\/\/euplate.com.tr\/index.php\/wp-json\/wp\/v2\/media\/11277"}],"wp:attachment":[{"href":"https:\/\/euplate.com.tr\/index.php\/wp-json\/wp\/v2\/media?parent=11294"}],"wp:term":[{"taxonomy":"product_brand","embeddable":true,"href":"https:\/\/euplate.com.tr\/index.php\/wp-json\/wp\/v2\/product_brand?post=11294"},{"taxonomy":"product_cat","embeddable":true,"href":"https:\/\/euplate.com.tr\/index.php\/wp-json\/wp\/v2\/product_cat?post=11294"},{"taxonomy":"product_tag","embeddable":true,"href":"https:\/\/euplate.com.tr\/index.php\/wp-json\/wp\/v2\/product_tag?post=11294"}],"curies":[{"name":"wp","href":"https:\/\/api.w.org\/{rel}","templated":true}]}}