{"id":11169,"date":"2022-06-08T12:57:52","date_gmt":"2022-06-08T09:57:52","guid":{"rendered":"https:\/\/euplate.com\/?post_type=product&#038;p=11169"},"modified":"2023-05-08T10:24:35","modified_gmt":"2023-05-08T07:24:35","slug":"20-x-30-cm-dekoratif-aluminyum-uzeri-uv-baskili-plaka","status":"publish","type":"product","link":"https:\/\/euplate.com.tr\/index.php\/urun\/20-x-30-cm-dekoratif-aluminyum-uzeri-uv-baskili-plaka\/","title":{"rendered":"20 x 30 cm Dekoratif Al\u00fcminyum \u00fczeri Uv Bask\u0131l\u0131 plaka"},"content":{"rendered":"","protected":false},"excerpt":{"rendered":"<ul>\n<li>20 x 30 cm<\/li>\n<li>0.70 Al\u00fcminyum metal<\/li>\n<li>\u00c7ok renkli \u00f6zel tasar\u0131m ve UV bask\u0131<\/li>\n<li>\u0130\u00e7 ve D\u0131\u015f hava ko\u015fullar\u0131na dayan\u0131kl\u0131<\/li>\n<li>\u00d6zel Ambalaj<\/li>\n<li>\u0130ster evinizde ister ofisinizde ister arac\u0131n\u0131zda dekoratif ama\u00e7l\u0131 kullan\u0131l\u0131r<\/li>\n<\/ul>\n","protected":false},"featured_media":11170,"template":"","meta":{"_joinchat":[]},"product_brand":[],"product_cat":[111],"product_tag":[],"class_list":{"0":"post-11169","1":"product","2":"type-product","3":"status-publish","4":"has-post-thumbnail","6":"product_cat-sinema-kahrmanlari","8":"first","9":"instock","10":"sale","11":"shipping-taxable","12":"purchasable","13":"product-type-simple"},"_links":{"self":[{"href":"https:\/\/euplate.com.tr\/index.php\/wp-json\/wp\/v2\/product\/11169","targetHints":{"allow":["GET"]}}],"collection":[{"href":"https:\/\/euplate.com.tr\/index.php\/wp-json\/wp\/v2\/product"}],"about":[{"href":"https:\/\/euplate.com.tr\/index.php\/wp-json\/wp\/v2\/types\/product"}],"version-history":[{"count":1,"href":"https:\/\/euplate.com.tr\/index.php\/wp-json\/wp\/v2\/product\/11169\/revisions"}],"predecessor-version":[{"id":11171,"href":"https:\/\/euplate.com.tr\/index.php\/wp-json\/wp\/v2\/product\/11169\/revisions\/11171"}],"wp:featuredmedia":[{"embeddable":true,"href":"https:\/\/euplate.com.tr\/index.php\/wp-json\/wp\/v2\/media\/11170"}],"wp:attachment":[{"href":"https:\/\/euplate.com.tr\/index.php\/wp-json\/wp\/v2\/media?parent=11169"}],"wp:term":[{"taxonomy":"product_brand","embeddable":true,"href":"https:\/\/euplate.com.tr\/index.php\/wp-json\/wp\/v2\/product_brand?post=11169"},{"taxonomy":"product_cat","embeddable":true,"href":"https:\/\/euplate.com.tr\/index.php\/wp-json\/wp\/v2\/product_cat?post=11169"},{"taxonomy":"product_tag","embeddable":true,"href":"https:\/\/euplate.com.tr\/index.php\/wp-json\/wp\/v2\/product_tag?post=11169"}],"curies":[{"name":"wp","href":"https:\/\/api.w.org\/{rel}","templated":true}]}}