{"id":10967,"date":"2022-04-18T14:25:22","date_gmt":"2022-04-18T11:25:22","guid":{"rendered":"https:\/\/euplate.com\/?post_type=product&#038;p=10967"},"modified":"2023-05-08T10:24:38","modified_gmt":"2023-05-08T07:24:38","slug":"20-x-30-cm-dekoratif-metal-plaka-muslum-gurses","status":"publish","type":"product","link":"https:\/\/euplate.com.tr\/index.php\/urun\/20-x-30-cm-dekoratif-metal-plaka-muslum-gurses\/","title":{"rendered":"15 x 30 cm Dekoratif Metal Plaka M\u00fcsl\u00fcm G\u00fcrses"},"content":{"rendered":"","protected":false},"excerpt":{"rendered":"","protected":false},"featured_media":10963,"template":"","meta":{"_joinchat":[]},"product_brand":[],"product_cat":[113],"product_tag":[],"class_list":{"0":"post-10967","1":"product","2":"type-product","3":"status-publish","4":"has-post-thumbnail","6":"product_cat-yesilcam-film-afisleri-yildizlari","8":"first","9":"instock","10":"sale","11":"shipping-taxable","12":"purchasable","13":"product-type-simple"},"_links":{"self":[{"href":"https:\/\/euplate.com.tr\/index.php\/wp-json\/wp\/v2\/product\/10967","targetHints":{"allow":["GET"]}}],"collection":[{"href":"https:\/\/euplate.com.tr\/index.php\/wp-json\/wp\/v2\/product"}],"about":[{"href":"https:\/\/euplate.com.tr\/index.php\/wp-json\/wp\/v2\/types\/product"}],"version-history":[{"count":2,"href":"https:\/\/euplate.com.tr\/index.php\/wp-json\/wp\/v2\/product\/10967\/revisions"}],"predecessor-version":[{"id":10983,"href":"https:\/\/euplate.com.tr\/index.php\/wp-json\/wp\/v2\/product\/10967\/revisions\/10983"}],"wp:featuredmedia":[{"embeddable":true,"href":"https:\/\/euplate.com.tr\/index.php\/wp-json\/wp\/v2\/media\/10963"}],"wp:attachment":[{"href":"https:\/\/euplate.com.tr\/index.php\/wp-json\/wp\/v2\/media?parent=10967"}],"wp:term":[{"taxonomy":"product_brand","embeddable":true,"href":"https:\/\/euplate.com.tr\/index.php\/wp-json\/wp\/v2\/product_brand?post=10967"},{"taxonomy":"product_cat","embeddable":true,"href":"https:\/\/euplate.com.tr\/index.php\/wp-json\/wp\/v2\/product_cat?post=10967"},{"taxonomy":"product_tag","embeddable":true,"href":"https:\/\/euplate.com.tr\/index.php\/wp-json\/wp\/v2\/product_tag?post=10967"}],"curies":[{"name":"wp","href":"https:\/\/api.w.org\/{rel}","templated":true}]}}