{"id":10942,"date":"2022-04-18T12:51:11","date_gmt":"2022-04-18T09:51:11","guid":{"rendered":"https:\/\/euplate.com\/?post_type=product&#038;p=10942"},"modified":"2023-05-08T10:24:38","modified_gmt":"2023-05-08T07:24:38","slug":"15x30-cm-retro-dekoratif-metal-plaka-minur-ozturk","status":"publish","type":"product","link":"https:\/\/euplate.com.tr\/index.php\/urun\/15x30-cm-retro-dekoratif-metal-plaka-minur-ozturk\/","title":{"rendered":"15\u00d730 cm. Retro Dekoratif Metal Plaka Minur \u00d6zt\u00fcrk"},"content":{"rendered":"","protected":false},"excerpt":{"rendered":"","protected":false},"featured_media":10924,"template":"","meta":{"_joinchat":[]},"product_brand":[],"product_cat":[113],"product_tag":[],"class_list":{"0":"post-10942","1":"product","2":"type-product","3":"status-publish","4":"has-post-thumbnail","6":"product_cat-yesilcam-film-afisleri-yildizlari","8":"first","9":"instock","10":"sale","11":"shipping-taxable","12":"purchasable","13":"product-type-simple"},"_links":{"self":[{"href":"https:\/\/euplate.com.tr\/index.php\/wp-json\/wp\/v2\/product\/10942","targetHints":{"allow":["GET"]}}],"collection":[{"href":"https:\/\/euplate.com.tr\/index.php\/wp-json\/wp\/v2\/product"}],"about":[{"href":"https:\/\/euplate.com.tr\/index.php\/wp-json\/wp\/v2\/types\/product"}],"version-history":[{"count":1,"href":"https:\/\/euplate.com.tr\/index.php\/wp-json\/wp\/v2\/product\/10942\/revisions"}],"predecessor-version":[{"id":10943,"href":"https:\/\/euplate.com.tr\/index.php\/wp-json\/wp\/v2\/product\/10942\/revisions\/10943"}],"wp:featuredmedia":[{"embeddable":true,"href":"https:\/\/euplate.com.tr\/index.php\/wp-json\/wp\/v2\/media\/10924"}],"wp:attachment":[{"href":"https:\/\/euplate.com.tr\/index.php\/wp-json\/wp\/v2\/media?parent=10942"}],"wp:term":[{"taxonomy":"product_brand","embeddable":true,"href":"https:\/\/euplate.com.tr\/index.php\/wp-json\/wp\/v2\/product_brand?post=10942"},{"taxonomy":"product_cat","embeddable":true,"href":"https:\/\/euplate.com.tr\/index.php\/wp-json\/wp\/v2\/product_cat?post=10942"},{"taxonomy":"product_tag","embeddable":true,"href":"https:\/\/euplate.com.tr\/index.php\/wp-json\/wp\/v2\/product_tag?post=10942"}],"curies":[{"name":"wp","href":"https:\/\/api.w.org\/{rel}","templated":true}]}}