{"id":10936,"date":"2022-04-18T12:48:35","date_gmt":"2022-04-18T09:48:35","guid":{"rendered":"https:\/\/euplate.com\/?post_type=product&#038;p=10936"},"modified":"2023-05-08T10:24:38","modified_gmt":"2023-05-08T07:24:38","slug":"15x30-cm-retro-dekoratif-metal-plaka-yilmaz-guney-turkan-soray","status":"publish","type":"product","link":"https:\/\/euplate.com.tr\/index.php\/urun\/15x30-cm-retro-dekoratif-metal-plaka-yilmaz-guney-turkan-soray\/","title":{"rendered":"15\u00d730 cm. Retro Dekoratif Metal Plaka Y\u0131lmaz g\u00fcney T\u00fcrkan \u015eoray"},"content":{"rendered":"","protected":false},"excerpt":{"rendered":"","protected":false},"featured_media":10927,"template":"","meta":{"_joinchat":[]},"product_brand":[],"product_cat":[113],"product_tag":[],"class_list":{"0":"post-10936","1":"product","2":"type-product","3":"status-publish","4":"has-post-thumbnail","6":"product_cat-yesilcam-film-afisleri-yildizlari","8":"first","9":"instock","10":"sale","11":"shipping-taxable","12":"purchasable","13":"product-type-simple"},"_links":{"self":[{"href":"https:\/\/euplate.com.tr\/index.php\/wp-json\/wp\/v2\/product\/10936","targetHints":{"allow":["GET"]}}],"collection":[{"href":"https:\/\/euplate.com.tr\/index.php\/wp-json\/wp\/v2\/product"}],"about":[{"href":"https:\/\/euplate.com.tr\/index.php\/wp-json\/wp\/v2\/types\/product"}],"version-history":[{"count":1,"href":"https:\/\/euplate.com.tr\/index.php\/wp-json\/wp\/v2\/product\/10936\/revisions"}],"predecessor-version":[{"id":10937,"href":"https:\/\/euplate.com.tr\/index.php\/wp-json\/wp\/v2\/product\/10936\/revisions\/10937"}],"wp:featuredmedia":[{"embeddable":true,"href":"https:\/\/euplate.com.tr\/index.php\/wp-json\/wp\/v2\/media\/10927"}],"wp:attachment":[{"href":"https:\/\/euplate.com.tr\/index.php\/wp-json\/wp\/v2\/media?parent=10936"}],"wp:term":[{"taxonomy":"product_brand","embeddable":true,"href":"https:\/\/euplate.com.tr\/index.php\/wp-json\/wp\/v2\/product_brand?post=10936"},{"taxonomy":"product_cat","embeddable":true,"href":"https:\/\/euplate.com.tr\/index.php\/wp-json\/wp\/v2\/product_cat?post=10936"},{"taxonomy":"product_tag","embeddable":true,"href":"https:\/\/euplate.com.tr\/index.php\/wp-json\/wp\/v2\/product_tag?post=10936"}],"curies":[{"name":"wp","href":"https:\/\/api.w.org\/{rel}","templated":true}]}}