{"id":10729,"date":"2022-04-14T14:15:17","date_gmt":"2022-04-14T11:15:17","guid":{"rendered":"https:\/\/euplate.com\/?post_type=product&#038;p=10729"},"modified":"2023-05-08T10:24:42","modified_gmt":"2023-05-08T07:24:42","slug":"15x30-cm-retro-dekoratif-metal-plaka-nas-tahiti-kayikci","status":"publish","type":"product","link":"https:\/\/euplate.com.tr\/index.php\/urun\/15x30-cm-retro-dekoratif-metal-plaka-nas-tahiti-kayikci\/","title":{"rendered":"15\u00d730 cm. Retro Dekoratif Metal Plaka Nas Tahiti kay\u0131k\u00e7\u0131"},"content":{"rendered":"","protected":false},"excerpt":{"rendered":"","protected":false},"featured_media":10699,"template":"","meta":{"_joinchat":[]},"product_brand":[],"product_cat":[96],"product_tag":[],"class_list":{"0":"post-10729","1":"product","2":"type-product","3":"status-publish","4":"has-post-thumbnail","6":"product_cat-retro-vintage","8":"first","9":"instock","10":"sale","11":"shipping-taxable","12":"purchasable","13":"product-type-simple"},"_links":{"self":[{"href":"https:\/\/euplate.com.tr\/index.php\/wp-json\/wp\/v2\/product\/10729","targetHints":{"allow":["GET"]}}],"collection":[{"href":"https:\/\/euplate.com.tr\/index.php\/wp-json\/wp\/v2\/product"}],"about":[{"href":"https:\/\/euplate.com.tr\/index.php\/wp-json\/wp\/v2\/types\/product"}],"version-history":[{"count":1,"href":"https:\/\/euplate.com.tr\/index.php\/wp-json\/wp\/v2\/product\/10729\/revisions"}],"predecessor-version":[{"id":10730,"href":"https:\/\/euplate.com.tr\/index.php\/wp-json\/wp\/v2\/product\/10729\/revisions\/10730"}],"wp:featuredmedia":[{"embeddable":true,"href":"https:\/\/euplate.com.tr\/index.php\/wp-json\/wp\/v2\/media\/10699"}],"wp:attachment":[{"href":"https:\/\/euplate.com.tr\/index.php\/wp-json\/wp\/v2\/media?parent=10729"}],"wp:term":[{"taxonomy":"product_brand","embeddable":true,"href":"https:\/\/euplate.com.tr\/index.php\/wp-json\/wp\/v2\/product_brand?post=10729"},{"taxonomy":"product_cat","embeddable":true,"href":"https:\/\/euplate.com.tr\/index.php\/wp-json\/wp\/v2\/product_cat?post=10729"},{"taxonomy":"product_tag","embeddable":true,"href":"https:\/\/euplate.com.tr\/index.php\/wp-json\/wp\/v2\/product_tag?post=10729"}],"curies":[{"name":"wp","href":"https:\/\/api.w.org\/{rel}","templated":true}]}}