{"id":4400,"date":"2021-10-12T15:51:09","date_gmt":"2021-10-12T15:51:09","guid":{"rendered":"http:\/\/dummy.xtemos.com\/woodmart2\/elementor\/?page_id=4400"},"modified":"2022-03-12T13:42:57","modified_gmt":"2022-03-12T10:42:57","slug":"about-us-3","status":"publish","type":"page","link":"https:\/\/euplate.com.tr\/index.php\/about-us-3\/","title":{"rendered":"About us"},"content":{"rendered":"\t\t<div data-elementor-type=\"wp-page\" data-elementor-id=\"4400\" class=\"elementor elementor-4400\">\n\t\t\t\t\t\t<section class=\"elementor-section elementor-top-section elementor-element elementor-element-de819a5 elementor-section-boxed elementor-section-height-default elementor-section-height-default wd-section-disabled\" data-id=\"de819a5\" data-element_type=\"section\">\n\t\t\t\t\t\t<div class=\"elementor-container elementor-column-gap-default\">\n\t\t\t\t\t<div class=\"elementor-column elementor-col-100 elementor-top-column elementor-element elementor-element-8c16622\" data-id=\"8c16622\" data-element_type=\"column\">\n\t\t\t<div class=\"elementor-widget-wrap elementor-element-populated\">\n\t\t\t\t\t\t<div class=\"elementor-element elementor-element-37f58ea elementor-widget elementor-widget-heading\" data-id=\"37f58ea\" data-element_type=\"widget\" data-widget_type=\"heading.default\">\n\t\t\t\t<div class=\"elementor-widget-container\">\n\t\t\t\t\t<h2 class=\"elementor-heading-title elementor-size-default\">HAKKIMIZDA<\/h2>\t\t\t\t<\/div>\n\t\t\t\t<\/div>\n\t\t\t\t\t<\/div>\n\t\t<\/div>\n\t\t\t\t\t<\/div>\n\t\t<\/section>\n\t\t\t\t<section class=\"elementor-section elementor-top-section elementor-element elementor-element-ad2dbee elementor-section-boxed elementor-section-height-default elementor-section-height-default wd-section-disabled\" data-id=\"ad2dbee\" data-element_type=\"section\">\n\t\t\t\t\t\t<div class=\"elementor-container elementor-column-gap-default\">\n\t\t\t\t\t<div class=\"elementor-column elementor-col-100 elementor-top-column elementor-element elementor-element-d2d58a9\" data-id=\"d2d58a9\" data-element_type=\"column\">\n\t\t\t<div class=\"elementor-widget-wrap elementor-element-populated\">\n\t\t\t\t\t\t<div class=\"elementor-element elementor-element-14b3c9f color-scheme-inherit text-left elementor-widget elementor-widget-text-editor\" data-id=\"14b3c9f\" data-element_type=\"widget\" data-widget_type=\"text-editor.default\">\n\t\t\t\t<div class=\"elementor-widget-container\">\n\t\t\t\t\t\t\t\t\t<p class=\"font_8\">1998 y\u0131l\u0131ndan bu yana T\u00fcrkiye\u2019de numarataj sekt\u00f6r\u00fcn\u00fcn en g\u00fc\u00e7l\u00fc ismiyiz. Kurdu\u011fumuz hayalleri geli\u015fen teknoloji ile birle\u015ftirerek, do\u011fa \u015fartlar\u0131na dayan\u0131kl\u0131, d\u00fc\u015f\u00fck maliyetli ve b\u00fct\u00fcn taleplere cevap verebilen y\u00fcksek kalitede \u00fcr\u00fcnleri sizline bulu\u015fturuyoruz.\u00a0Temel amac\u0131m\u0131z \u015fehrinize, mimari ve tarihi dokusunu koruyarak y\u00f6n vermek. Bu sebeple \u00e7al\u0131\u015ft\u0131\u011f\u0131m\u0131z her belediyeye \u00f6zel Cadde \/ Sokak Levhalar\u0131, Direk Tipi Levhalar ve Kap\u0131 numaralar\u0131 tasarlayarak be\u011fenilerine sunuyoruz. Bu g\u00fcne kadar alt\u0131 farkl\u0131 \u00fclkeye hizmet veren firmam\u0131z \u015fu an T\u00fcrkiye\u2019de y\u00fczlerce belediyeye aktif olarak hizmet vermektedir.<\/p><p class=\"font_8\"><strong><em>Yapt\u0131\u011f\u0131m\u0131z her i\u015fte geli\u015fen ve de\u011fi\u015fen teknolojinin y\u00f6nlendirme sistemlerine getirdi\u011fi yenilikleri takip ederek \u00a0veya getirebilece\u011fi her yenili\u011fi \u00f6n g\u00f6rerek gelece\u011fin levhalar\u0131n\u0131 \u00fcretiyoruz.<\/em><\/strong><\/p>\t\t\t\t\t\t\t\t<\/div>\n\t\t\t\t<\/div>\n\t\t\t\t\t<\/div>\n\t\t<\/div>\n\t\t\t\t\t<\/div>\n\t\t<\/section>\n\t\t\t\t<section class=\"elementor-section elementor-top-section elementor-element elementor-element-e905522 elementor-section-boxed elementor-section-height-default elementor-section-height-default wd-section-disabled\" data-id=\"e905522\" data-element_type=\"section\">\n\t\t\t\t\t\t<div class=\"elementor-container elementor-column-gap-default\">\n\t\t\t\t\t<div class=\"elementor-column elementor-col-50 elementor-top-column elementor-element elementor-element-7b3cd30\" data-id=\"7b3cd30\" data-element_type=\"column\">\n\t\t\t<div class=\"elementor-widget-wrap elementor-element-populated\">\n\t\t\t\t\t\t<div class=\"elementor-element elementor-element-d7bd487 color-scheme-inherit text-left elementor-widget elementor-widget-text-editor\" data-id=\"d7bd487\" data-element_type=\"widget\" data-widget_type=\"text-editor.default\">\n\t\t\t\t<div class=\"elementor-widget-container\">\n\t\t\t\t\t\t\t\t\t<div class=\"wpb_column vc_column_container vc_col-sm-6\"><div class=\"vc_column-inner\"><div class=\"wpb_wrapper\"><div class=\"wpb_text_column wpb_content_element \"><div class=\"wpb_wrapper\"><div id=\"comp-jgot2n46\" class=\"txtNew\" data-packed=\"false\" data-min-height=\"203\"><p class=\"font_8\">Tek bir malzemeye ve \u00fcretim ko\u015funa ba\u011fl\u0131 kalmadan en dayan\u0131kl\u0131, en sa\u011flam ve en kaliteli \u00fcr\u00fcnleri nas\u0131l \u00fcretebilece\u011fimiz \u00fczerine s\u00fcrekli \u00e7al\u0131\u015f\u0131yoruz. \u00dcretilen her \u00f6rnek tasar\u0131mdan ba\u015flay\u0131p ham maddenin i\u015flenmesi, levhan\u0131n \u015fekillendirilmesi, boyanmas\u0131 ve do\u011fal \u015farlara maruz b\u0131rak\u0131lmas\u0131 gibi uzun s\u00fcre\u00e7lerden ge\u00e7iyor. Bu s\u00fcre\u00e7lerin her hangi bir k\u0131sm\u0131nda ya\u015fanan olumsuz bir durumda levha kesinlikle seri \u00fcretime girmiyor. B\u00fct\u00fcn s\u00fcre\u00e7ler b\u00f6l\u00fcm\/birim amirleri ile anl\u0131k olarak payla\u015f\u0131l\u0131yor.<\/p><\/div><div id=\"comp-jgosufsg\" class=\"style-k0hs3rog\" data-svg-id=\"svgshape.v1.svg_162470084018985920a0c4cfb0f50d5e.Square\" data-svg-type=\"shape\" data-display-mode=\"stretch\" data-strokewidth=\"0\" data-viewbox=\"0 0 154.023 142.529\" data-preserve-viewbox=\"ignore\"><div id=\"comp-jgosufsglink\" class=\"style-k0hs3roglink\"><div id=\"comp-jgosufsgsvg\" class=\"style-k0hs3rog_comp-jgosufsg style-k0hs3rog_non-scaling-stroke style-k0hs3rogsvg\">\u00a0<\/div><\/div><\/div><div id=\"comp-jgot103l\" class=\"txtNew\" data-packed=\"false\" data-min-height=\"53\">\u00a0<\/div><\/div><\/div><\/div><\/div><\/div><div class=\"wpb_column vc_column_container vc_col-sm-6\"><div class=\"vc_column-inner\"><div class=\"wpb_wrapper\">\u00a0<\/div><\/div><\/div>\t\t\t\t\t\t\t\t<\/div>\n\t\t\t\t<\/div>\n\t\t\t\t\t<\/div>\n\t\t<\/div>\n\t\t\t\t<div class=\"elementor-column elementor-col-50 elementor-top-column elementor-element elementor-element-d9834a9\" data-id=\"d9834a9\" data-element_type=\"column\">\n\t\t\t<div class=\"elementor-widget-wrap elementor-element-populated\">\n\t\t\t\t\t\t<div class=\"elementor-element elementor-element-17b4803 color-scheme-inherit text-left elementor-widget elementor-widget-text-editor\" data-id=\"17b4803\" data-element_type=\"widget\" data-widget_type=\"text-editor.default\">\n\t\t\t\t<div class=\"elementor-widget-container\">\n\t\t\t\t\t\t\t\t\t<p>B\u00f6l\u00fcm veya birim m\u00fcd\u00fcrl\u00fc\u011f\u00fcn\u00fcze ziyarette bulunarak taleplerinizi, \u00f6nerilerinizi ve beklentilerinizi dinlemek istiyoruz. Fiyat olarak y\u00fcksek, i\u015flev olarak d\u00fc\u015f\u00fck, s\u00fcrekli sorun \u00e7\u0131karan, bozulan ve yaz\u0131lar\u0131 kaybolan y\u00f6nlendirme sistemleri kentinize, belediyenize ve biriminize zarardan ba\u015fka bir \u015fey sa\u011flamaz. Biz kazanc\u0131m\u0131z\u0131 payla\u015ft\u0131k\u00e7a b\u00fcy\u00fcyece\u011fimize inan\u0131yoruz. Bu y\u00fczden y\u00fcksek kar marjl\u0131 ve fai\u015f fiyatl\u0131 teklifler sunmuyoruz.<\/p>\t\t\t\t\t\t\t\t<\/div>\n\t\t\t\t<\/div>\n\t\t\t\t\t<\/div>\n\t\t<\/div>\n\t\t\t\t\t<\/div>\n\t\t<\/section>\n\t\t\t\t<\/div>\n\t\t","protected":false},"excerpt":{"rendered":"<p>HAKKIMIZDA 1998 y\u0131l\u0131ndan bu yana T\u00fcrkiye\u2019de numarataj sekt\u00f6r\u00fcn\u00fcn en g\u00fc\u00e7l\u00fc ismiyiz. Kurdu\u011fumuz hayalleri geli\u015fen teknoloji ile birle\u015ftirerek, do\u011fa \u015fartlar\u0131na dayan\u0131kl\u0131,<\/p>\n","protected":false},"author":1,"featured_media":0,"parent":0,"menu_order":0,"comment_status":"closed","ping_status":"closed","template":"","meta":{"_joinchat":[],"footnotes":""},"class_list":["post-4400","page","type-page","status-publish","hentry"],"_links":{"self":[{"href":"https:\/\/euplate.com.tr\/index.php\/wp-json\/wp\/v2\/pages\/4400","targetHints":{"allow":["GET"]}}],"collection":[{"href":"https:\/\/euplate.com.tr\/index.php\/wp-json\/wp\/v2\/pages"}],"about":[{"href":"https:\/\/euplate.com.tr\/index.php\/wp-json\/wp\/v2\/types\/page"}],"author":[{"embeddable":true,"href":"https:\/\/euplate.com.tr\/index.php\/wp-json\/wp\/v2\/users\/1"}],"replies":[{"embeddable":true,"href":"https:\/\/euplate.com.tr\/index.php\/wp-json\/wp\/v2\/comments?post=4400"}],"version-history":[{"count":6,"href":"https:\/\/euplate.com.tr\/index.php\/wp-json\/wp\/v2\/pages\/4400\/revisions"}],"predecessor-version":[{"id":8691,"href":"https:\/\/euplate.com.tr\/index.php\/wp-json\/wp\/v2\/pages\/4400\/revisions\/8691"}],"wp:attachment":[{"href":"https:\/\/euplate.com.tr\/index.php\/wp-json\/wp\/v2\/media?parent=4400"}],"curies":[{"name":"wp","href":"https:\/\/api.w.org\/{rel}","templated":true}]}}